{"id":52758,"date":"2022-02-17T16:55:15","date_gmt":"2022-02-17T21:55:15","guid":{"rendered":"https:\/\/mpi-matco.com\/industries\/professional-painting-stucco\/"},"modified":"2025-06-20T09:14:42","modified_gmt":"2025-06-20T13:14:42","slug":"peinture-professionnelle-et-stuc","status":"publish","type":"page","link":"https:\/\/mpi-matco.com\/fr\/industries\/peinture-professionnelle-et-stuc\/","title":{"rendered":"Peinture professionnelle et stuc"},"content":{"rendered":"\t\t<div data-elementor-type=\"wp-page\" data-elementor-id=\"52758\" class=\"elementor elementor-52758 elementor-3015\" data-elementor-post-type=\"page\">\n\t\t\t\t<div class=\"elementor-element elementor-element-8446641 e-flex e-con-boxed e-con e-parent\" data-id=\"8446641\" data-element_type=\"container\" data-e-type=\"container\" data-settings=\"{&quot;background_background&quot;:&quot;classic&quot;}\">\n\t\t\t\t\t<div class=\"e-con-inner\">\n\t\t<div class=\"elementor-element elementor-element-f74afde e-con-full e-flex e-con e-child\" data-id=\"f74afde\" data-element_type=\"container\" data-e-type=\"container\">\n\t\t\t\t<div class=\"elementor-element elementor-element-b2f0b40 elementor-widget elementor-widget-heading\" data-id=\"b2f0b40\" data-element_type=\"widget\" data-e-type=\"widget\" data-widget_type=\"heading.default\">\n\t\t\t\t<div class=\"elementor-widget-container\">\n\t\t\t\t\t<h1 class=\"elementor-heading-title elementor-size-default\">Peinture professionnelle et stuc<\/h1>\t\t\t\t<\/div>\n\t\t\t\t<\/div>\n\t\t\t\t<div class=\"elementor-element elementor-element-be7c411 elementor-align-left elementor-widget elementor-widget-button\" data-id=\"be7c411\" data-element_type=\"widget\" data-e-type=\"widget\" data-widget_type=\"button.default\">\n\t\t\t\t<div class=\"elementor-widget-container\">\n\t\t\t\t\t\t\t\t\t<div class=\"elementor-button-wrapper\">\n\t\t\t\t\t<a class=\"elementor-button elementor-button-link elementor-size-sm\" href=\"https:\/\/mpi-matco.com\/fr\/contactez-nous\/\">\n\t\t\t\t\t\t<span class=\"elementor-button-content-wrapper\">\n\t\t\t\t\t\t\t\t\t<span class=\"elementor-button-text\">Contactez-nous<\/span>\n\t\t\t\t\t<\/span>\n\t\t\t\t\t<\/a>\n\t\t\t\t<\/div>\n\t\t\t\t\t\t\t\t<\/div>\n\t\t\t\t<\/div>\n\t\t\t\t<\/div>\n\t\t<div class=\"elementor-element elementor-element-3464f28 e-con-full elementor-hidden-mobile e-flex e-con e-child\" data-id=\"3464f28\" data-element_type=\"container\" data-e-type=\"container\">\n\t\t\t\t<\/div>\n\t\t\t\t\t<\/div>\n\t\t\t\t<\/div>\n\t\t\t\t<section class=\"elementor-section elementor-top-section elementor-element elementor-element-8563126 elementor-section-boxed elementor-section-height-default elementor-section-height-default elementor-invisible\" data-id=\"8563126\" data-element_type=\"section\" data-e-type=\"section\" data-settings=\"{&quot;animation&quot;:&quot;fadeInUp&quot;}\">\n\t\t\t\t\t\t<div class=\"elementor-container elementor-column-gap-no\">\n\t\t\t\t\t<div class=\"elementor-column elementor-col-100 elementor-top-column elementor-element elementor-element-fd0b069\" data-id=\"fd0b069\" data-element_type=\"column\" data-e-type=\"column\">\n\t\t\t<div class=\"elementor-widget-wrap elementor-element-populated\">\n\t\t\t\t\t\t<div class=\"elementor-element elementor-element-b6bcf62 elementor-widget elementor-widget-heading\" data-id=\"b6bcf62\" data-element_type=\"widget\" data-e-type=\"widget\" data-widget_type=\"heading.default\">\n\t\t\t\t<div class=\"elementor-widget-container\">\n\t\t\t\t\t<p class=\"elementor-heading-title elementor-size-default\">Les rubans de masquage ont de nombreuses applications, que ce soit les rubans de masquage \u00e0 usage g\u00e9n\u00e9ral qui prot\u00e8gent les surfaces contre la peinture humide, le pochoir, la cuisson au four et la peinture au pistolet, ainsi que les rubans de masquage \u00e0 haute temp\u00e9rature ad\u00e9quats pour des utilisations telles que le rev\u00eatement en poudre et la fabrication de circuits imprim\u00e9s, tous offrant une facilit\u00e9 d'utilisation et un retrait sans r\u00e9sidu.<\/p>\t\t\t\t<\/div>\n\t\t\t\t<\/div>\n\t\t\t\t<div class=\"elementor-element elementor-element-a69d662 elementor-widget elementor-widget-heading\" data-id=\"a69d662\" data-element_type=\"widget\" data-e-type=\"widget\" data-widget_type=\"heading.default\">\n\t\t\t\t<div class=\"elementor-widget-container\">\n\t\t\t\t\t<h3 class=\"elementor-heading-title elementor-size-default\">Applications<\/h3>\t\t\t\t<\/div>\n\t\t\t\t<\/div>\n\t\t\t\t<section class=\"elementor-section elementor-inner-section elementor-element elementor-element-31df8f7 elementor-section-full_width elementor-section-height-default elementor-section-height-default\" data-id=\"31df8f7\" data-element_type=\"section\" data-e-type=\"section\">\n\t\t\t\t\t\t<div class=\"elementor-container elementor-column-gap-no\">\n\t\t\t\t\t<div class=\"elementor-column elementor-col-33 elementor-inner-column elementor-element elementor-element-ea52290\" data-id=\"ea52290\" data-element_type=\"column\" data-e-type=\"column\">\n\t\t\t<div class=\"elementor-widget-wrap elementor-element-populated\">\n\t\t\t\t\t\t<div class=\"elementor-element elementor-element-c10fdbd elementor-position-top elementor-widget elementor-widget-image-box\" data-id=\"c10fdbd\" data-element_type=\"widget\" data-e-type=\"widget\" data-widget_type=\"image-box.default\">\n\t\t\t\t<div class=\"elementor-widget-container\">\n\t\t\t\t\t<div class=\"elementor-image-box-wrapper\"><figure class=\"elementor-image-box-img\"><a href=\"#\" tabindex=\"-1\"><img fetchpriority=\"high\" decoding=\"async\" width=\"328\" height=\"256\" src=\"https:\/\/mpi-matco.com\/wp-content\/uploads\/2022\/08\/ClothMaskingTapes.jpg\" class=\"elementor-animation-grow attachment-full size-full wp-image-48029\" alt=\"\" title=\"\"><\/a><\/figure><div class=\"elementor-image-box-content\"><h4 class=\"elementor-image-box-title\"><a href=\"#\">Rubans de masquage en tissu<\/a><\/h4><\/div><\/div>\t\t\t\t<\/div>\n\t\t\t\t<\/div>\n\t\t\t\t\t<\/div>\n\t\t<\/div>\n\t\t\t\t<div class=\"elementor-column elementor-col-33 elementor-inner-column elementor-element elementor-element-4ec2958\" data-id=\"4ec2958\" data-element_type=\"column\" data-e-type=\"column\">\n\t\t\t<div class=\"elementor-widget-wrap elementor-element-populated\">\n\t\t\t\t\t\t<div class=\"elementor-element elementor-element-0ed57a7 elementor-position-top elementor-widget elementor-widget-image-box\" data-id=\"0ed57a7\" data-element_type=\"widget\" data-e-type=\"widget\" data-widget_type=\"image-box.default\">\n\t\t\t\t<div class=\"elementor-widget-container\">\n\t\t\t\t\t<div class=\"elementor-image-box-wrapper\"><figure class=\"elementor-image-box-img\"><a href=\"#\" tabindex=\"-1\"><img decoding=\"async\" width=\"328\" height=\"256\" src=\"https:\/\/mpi-matco.com\/wp-content\/uploads\/2022\/08\/FilmicMaskingTapes.jpg\" class=\"elementor-animation-grow attachment-full size-full wp-image-48030\" alt=\"\" title=\"\"><\/a><\/figure><div class=\"elementor-image-box-content\"><h4 class=\"elementor-image-box-title\"><a href=\"#\">Films de masquage<\/a><\/h4><\/div><\/div>\t\t\t\t<\/div>\n\t\t\t\t<\/div>\n\t\t\t\t\t<\/div>\n\t\t<\/div>\n\t\t\t\t<div class=\"elementor-column elementor-col-33 elementor-inner-column elementor-element elementor-element-d6ae9ac\" data-id=\"d6ae9ac\" data-element_type=\"column\" data-e-type=\"column\">\n\t\t\t<div class=\"elementor-widget-wrap elementor-element-populated\">\n\t\t\t\t\t\t<div class=\"elementor-element elementor-element-40c4eb3 elementor-position-top elementor-widget elementor-widget-image-box\" data-id=\"40c4eb3\" data-element_type=\"widget\" data-e-type=\"widget\" data-widget_type=\"image-box.default\">\n\t\t\t\t<div class=\"elementor-widget-container\">\n\t\t\t\t\t<div class=\"elementor-image-box-wrapper\"><figure class=\"elementor-image-box-img\"><a href=\"#\" tabindex=\"-1\"><img decoding=\"async\" width=\"328\" height=\"256\" src=\"https:\/\/mpi-matco.com\/wp-content\/uploads\/2022\/08\/PaperMaskingTapes.jpg\" class=\"elementor-animation-grow attachment-full size-full wp-image-48032\" alt=\"\" title=\"\"><\/a><\/figure><div class=\"elementor-image-box-content\"><h4 class=\"elementor-image-box-title\"><a href=\"#\">Rubans de masquage<br> en papier<\/a><\/h4><\/div><\/div>\t\t\t\t<\/div>\n\t\t\t\t<\/div>\n\t\t\t\t\t<\/div>\n\t\t<\/div>\n\t\t\t\t\t<\/div>\n\t\t<\/section>\n\t\t\t\t<section class=\"elementor-section elementor-inner-section elementor-element elementor-element-957ae63 elementor-section-boxed elementor-section-height-default elementor-section-height-default\" data-id=\"957ae63\" data-element_type=\"section\" data-e-type=\"section\">\n\t\t\t\t\t\t<div class=\"elementor-container elementor-column-gap-default\">\n\t\t\t\t\t<div class=\"elementor-column elementor-col-50 elementor-inner-column elementor-element elementor-element-e735891\" data-id=\"e735891\" data-element_type=\"column\" data-e-type=\"column\">\n\t\t\t<div class=\"elementor-widget-wrap elementor-element-populated\">\n\t\t\t\t\t\t<div class=\"elementor-element elementor-element-186efaf elementor-widget elementor-widget-heading\" data-id=\"186efaf\" data-element_type=\"widget\" data-e-type=\"widget\" data-widget_type=\"heading.default\">\n\t\t\t\t<div class=\"elementor-widget-container\">\n\t\t\t\t\t<h3 class=\"elementor-heading-title elementor-size-default\">Mat\u00e9riau de support et adh\u00e9sif<\/h3>\t\t\t\t<\/div>\n\t\t\t\t<\/div>\n\t\t\t\t<div class=\"elementor-element elementor-element-b385946 elementor-widget elementor-widget-image\" data-id=\"b385946\" data-element_type=\"widget\" data-e-type=\"widget\" data-widget_type=\"image.default\">\n\t\t\t\t<div class=\"elementor-widget-container\">\n\t\t\t\t\t\t\t\t\t\t\t\t\t\t\t<img loading=\"lazy\" decoding=\"async\" width=\"114\" height=\"18\" src=\"https:\/\/mpi-matco.com\/wp-content\/uploads\/2022\/06\/360_Manufacturing.png\" class=\"attachment-large size-large wp-image-49177\" alt=\"\" title=\"\">\t\t\t\t\t\t\t\t\t\t\t\t\t\t\t<\/div>\n\t\t\t\t<\/div>\n\t\t\t\t\t<\/div>\n\t\t<\/div>\n\t\t\t\t<div class=\"elementor-column elementor-col-50 elementor-inner-column elementor-element elementor-element-3b63c2c\" data-id=\"3b63c2c\" data-element_type=\"column\" data-e-type=\"column\">\n\t\t\t<div class=\"elementor-widget-wrap elementor-element-populated\">\n\t\t\t\t\t\t<div class=\"elementor-element elementor-element-4d80067 elementor-widget elementor-widget-text-editor\" data-id=\"4d80067\" data-element_type=\"widget\" data-e-type=\"widget\" data-widget_type=\"text-editor.default\">\n\t\t\t\t<div class=\"elementor-widget-container\">\n\t\t\t\t\t\t\t\t\t<p>En g\u00e9n\u00e9ral, la nature de l&rsquo;application, la peinture ou le syst\u00e8me de rev\u00eatement et la temp\u00e9rature de s\u00e9chage ou de durcissement d\u00e9terminent les caract\u00e9ristiques requises d&rsquo;un ruban de masquage, comme le type de support papier utilis\u00e9 (papier cr\u00eap\u00e9, flat back\u00a0ou film), ainsi que l&rsquo;adh\u00e9sif. Les adh\u00e9sifs en caoutchouc sont principalement utilis\u00e9s, mais lorsque les temp\u00e9ratures d\u00e9passent 160\u00b0C, un adh\u00e9sif en silicone est n\u00e9cessaire.<\/p><p>Pour certaines applications du ruban de masquage, comme le sablage, la r\u00e9sistance \u00e0 la temp\u00e9rature n&rsquo;est pas une condition pr\u00e9alable. Dans ce cas, un support solide et \u00e9pais qui r\u00e9siste \u00e0 un abrasif sous haute pression est essentiel ; mais les rubans de masquage doivent \u00e9galement pouvoir \u00eatre retir\u00e9s proprement, sans laisser de r\u00e9sidus ni endommager le substrat qu&rsquo;ils masquent.<\/p>\t\t\t\t\t\t\t\t<\/div>\n\t\t\t\t<\/div>\n\t\t\t\t\t<\/div>\n\t\t<\/div>\n\t\t\t\t\t<\/div>\n\t\t<\/section>\n\t\t\t\t\t<\/div>\n\t\t<\/div>\n\t\t\t\t\t<\/div>\n\t\t<\/section>\n\t\t\t\t<section class=\"elementor-section elementor-top-section elementor-element elementor-element-d30c358 elementor-section-boxed elementor-section-height-default elementor-section-height-default\" data-id=\"d30c358\" data-element_type=\"section\" data-e-type=\"section\">\n\t\t\t\t\t\t<div class=\"elementor-container elementor-column-gap-default\">\n\t\t\t\t\t<div class=\"elementor-column elementor-col-100 elementor-top-column elementor-element elementor-element-c967b9a\" data-id=\"c967b9a\" data-element_type=\"column\" data-e-type=\"column\">\n\t\t\t<div class=\"elementor-widget-wrap elementor-element-populated\">\n\t\t\t\t\t\t<section class=\"elementor-section elementor-inner-section elementor-element elementor-element-9a2c39c elementor-section-boxed elementor-section-height-default elementor-section-height-default\" data-id=\"9a2c39c\" data-element_type=\"section\" data-e-type=\"section\">\n\t\t\t\t\t\t<div class=\"elementor-container elementor-column-gap-default\">\n\t\t\t\t\t<div class=\"elementor-column elementor-col-50 elementor-inner-column elementor-element elementor-element-ebe5df2\" data-id=\"ebe5df2\" data-element_type=\"column\" data-e-type=\"column\">\n\t\t\t<div class=\"elementor-widget-wrap elementor-element-populated\">\n\t\t\t\t\t\t<div class=\"elementor-element elementor-element-16a0891 elementor-widget elementor-widget-heading\" data-id=\"16a0891\" data-element_type=\"widget\" data-e-type=\"widget\" data-widget_type=\"heading.default\">\n\t\t\t\t<div class=\"elementor-widget-container\">\n\t\t\t\t\t<h3 class=\"elementor-heading-title elementor-size-default\">Rubans \u00e0 stuc<\/h3>\t\t\t\t<\/div>\n\t\t\t\t<\/div>\n\t\t\t\t<div class=\"elementor-element elementor-element-2970a4b elementor-widget elementor-widget-text-editor\" data-id=\"2970a4b\" data-element_type=\"widget\" data-e-type=\"widget\" data-widget_type=\"text-editor.default\">\n\t\t\t\t<div class=\"elementor-widget-container\">\n\t\t\t\t\t\t\t\t\t<p>Les rubans \u00e0 stuc sont con\u00e7us pour s&rsquo;adh\u00e9rer solidement et se d\u00e9chirer facilement afin de pr\u00e9parer rapidement et efficacement l&rsquo;application du stuc. Le ruban \u00e0 stuc est rouge pour le diff\u00e9rencier des rubans de masquage, de peinture, des ruban \u00e9lectriques et pour conduits. Ils peuvent \u00eatre utilis\u00e9s sur une vari\u00e9t\u00e9 de surfaces, notamment le bois, la brique, les m\u00e9taux, le vinyle, le stucco et les surfaces peintes. Ils sont fr\u00e9quemment utilis\u00e9s pour prot\u00e9ger les cadres de portes et de fen\u00eatres pendant la construction. Ils peuvent \u00e9galement \u00eatre utilis\u00e9s comme mat\u00e9riel de masquage pour prot\u00e9ger de la poussi\u00e8re, des d\u00e9bris et de l&rsquo;overspray.<\/p>\t\t\t\t\t\t\t\t<\/div>\n\t\t\t\t<\/div>\n\t\t\t\t\t<\/div>\n\t\t<\/div>\n\t\t\t\t<div class=\"elementor-column elementor-col-50 elementor-inner-column elementor-element elementor-element-18334ac\" data-id=\"18334ac\" data-element_type=\"column\" data-e-type=\"column\">\n\t\t\t<div class=\"elementor-widget-wrap elementor-element-populated\">\n\t\t\t\t\t\t<div class=\"elementor-element elementor-element-4096f96 elementor-widget elementor-widget-image\" data-id=\"4096f96\" data-element_type=\"widget\" data-e-type=\"widget\" data-widget_type=\"image.default\">\n\t\t\t\t<div class=\"elementor-widget-container\">\n\t\t\t\t\t\t\t\t\t\t\t\t\t\t\t<img loading=\"lazy\" decoding=\"async\" width=\"638\" height=\"435\" src=\"https:\/\/mpi-matco.com\/wp-content\/uploads\/2022\/08\/Stucco-tape.jpg\" class=\"attachment-large size-large wp-image-49528\" alt=\"\" srcset=\"https:\/\/mpi-matco.com\/wp-content\/uploads\/2022\/08\/Stucco-tape.jpg 638w, https:\/\/mpi-matco.com\/wp-content\/uploads\/2022\/08\/Stucco-tape-600x409.jpg 600w\" sizes=\"(max-width: 638px) 100vw, 638px\" title=\"\">\t\t\t\t\t\t\t\t\t\t\t\t\t\t\t<\/div>\n\t\t\t\t<\/div>\n\t\t\t\t\t<\/div>\n\t\t<\/div>\n\t\t\t\t\t<\/div>\n\t\t<\/section>\n\t\t\t\t<div class=\"elementor-element elementor-element-e4cc78a elementor-widget elementor-widget-text-editor\" data-id=\"e4cc78a\" data-element_type=\"widget\" data-e-type=\"widget\" data-widget_type=\"text-editor.default\">\n\t\t\t\t<div class=\"elementor-widget-container\">\n\t\t\t\t\t\t\t\t\t<p style=\"text-align: left;\">Avantages du ruban \u00e0 stuc<\/p>\t\t\t\t\t\t\t\t<\/div>\n\t\t\t\t<\/div>\n\t\t\t\t<section class=\"elementor-section elementor-inner-section elementor-element elementor-element-3cac409 elementor-section-boxed elementor-section-height-default elementor-section-height-default\" data-id=\"3cac409\" data-element_type=\"section\" data-e-type=\"section\">\n\t\t\t\t\t\t<div class=\"elementor-container elementor-column-gap-default\">\n\t\t\t\t\t<div class=\"elementor-column elementor-col-100 elementor-inner-column elementor-element elementor-element-7714fb8\" data-id=\"7714fb8\" data-element_type=\"column\" data-e-type=\"column\">\n\t\t\t<div class=\"elementor-widget-wrap elementor-element-populated\">\n\t\t\t\t\t\t<div class=\"elementor-element elementor-element-01f289f elementor-position-left elementor-vertical-align-top elementor-widget elementor-widget-image-box\" data-id=\"01f289f\" data-element_type=\"widget\" data-e-type=\"widget\" data-widget_type=\"image-box.default\">\n\t\t\t\t<div class=\"elementor-widget-container\">\n\t\t\t\t\t<div class=\"elementor-image-box-wrapper\"><figure class=\"elementor-image-box-img\"><a href=\"#\" tabindex=\"-1\"><img loading=\"lazy\" decoding=\"async\" width=\"62\" height=\"62\" src=\"https:\/\/mpi-matco.com\/wp-content\/uploads\/2022\/08\/UV_Resistance.png\" class=\"elementor-animation-grow attachment-full size-full wp-image-48507\" alt=\"\" title=\"\"><\/a><\/figure><div class=\"elementor-image-box-content\"><h4 class=\"elementor-image-box-title\"><a href=\"#\">R\u00e9sistant aux UV<\/a><\/h4><p class=\"elementor-image-box-description\">Les rubans \u00e0 stuc peuvent \u00eatre utilis\u00e9s \u00e0 l'int\u00e9rieur comme \u00e0 l'ext\u00e9rieur. Une bande de stuc de bonne qualit\u00e9 est r\u00e9sistante aux UV. La r\u00e9sistance aux UV prot\u00e8ge les surfaces situ\u00e9es sous le ruban des effets n\u00e9fastes de la lumi\u00e8re du soleil dans les applications ext\u00e9rieures. Ce ruban r\u00e9siste aux temp\u00e9ratures chaudes et froides.<\/p><\/div><\/div>\t\t\t\t<\/div>\n\t\t\t\t<\/div>\n\t\t\t\t<div class=\"elementor-element elementor-element-6af48b2 elementor-position-left elementor-vertical-align-top elementor-widget elementor-widget-image-box\" data-id=\"6af48b2\" data-element_type=\"widget\" data-e-type=\"widget\" data-widget_type=\"image-box.default\">\n\t\t\t\t<div class=\"elementor-widget-container\">\n\t\t\t\t\t<div class=\"elementor-image-box-wrapper\"><figure class=\"elementor-image-box-img\"><a href=\"#\" tabindex=\"-1\"><img loading=\"lazy\" decoding=\"async\" width=\"63\" height=\"62\" src=\"https:\/\/mpi-matco.com\/wp-content\/uploads\/2022\/08\/Weatherproof_Stucco.png\" class=\"elementor-animation-grow attachment-full size-full wp-image-48509\" alt=\"\" title=\"\"><\/a><\/figure><div class=\"elementor-image-box-content\"><h4 class=\"elementor-image-box-title\"><a href=\"#\">R\u00e9sistance aux intemp\u00e9ries<\/a><\/h4><p class=\"elementor-image-box-description\">Les rubans ont \u00e9galement un support r\u00e9sistant \u00e0 l'eau. Cela est d\u00fb au fait que les rubans de stuc sont fabriqu\u00e9s en poly\u00e9thyl\u00e8ne, qui est un m\u00e9lange de caoutchoucs naturels et synth\u00e9tiques. Comme ils sont r\u00e9sistants \u00e0 l'eau, ils peuvent \u00eatre utilis\u00e9s dans des applications marines. Le ruban \u00e0 stuc ne r\u00e9siste pas seulement \u00e0 l'eau, mais aussi \u00e0 la plupart des peintures, polym\u00e8res, acides, produits chimiques, solvants et alcalis.<\/p><\/div><\/div>\t\t\t\t<\/div>\n\t\t\t\t<\/div>\n\t\t\t\t<div class=\"elementor-element elementor-element-1504374 elementor-position-left elementor-vertical-align-top elementor-widget elementor-widget-image-box\" data-id=\"1504374\" data-element_type=\"widget\" data-e-type=\"widget\" data-widget_type=\"image-box.default\">\n\t\t\t\t<div class=\"elementor-widget-container\">\n\t\t\t\t\t<div class=\"elementor-image-box-wrapper\"><figure class=\"elementor-image-box-img\"><a href=\"#\" tabindex=\"-1\"><img loading=\"lazy\" decoding=\"async\" width=\"62\" height=\"62\" src=\"https:\/\/mpi-matco.com\/wp-content\/uploads\/2022\/08\/CleanRemoval.png\" class=\"elementor-animation-grow attachment-full size-full wp-image-48508\" alt=\"\" title=\"\"><\/a><\/figure><div class=\"elementor-image-box-content\"><h4 class=\"elementor-image-box-title\"><a href=\"#\">D\u00e9chir\u00e9 et enlev\u00e9<\/a><\/h4><p class=\"elementor-image-box-description\">Le ruban \u00e0 stuc a \u00e9t\u00e9 cr\u00e9\u00e9 pour adh\u00e9rer solidement tout en \u00e9tant facile \u00e0 enlever. Les rubans \u00e0 stuc sont suffisamment r\u00e9sistants pour accrocher une feuille de plastique ou un film pour fen\u00eatre, tout en restant suffisamment doux pour \u00eatre retir\u00e9s en un seul morceau. Ces rubans sont con\u00e7us pour s'adh\u00e9rer \u00e0 une vari\u00e9t\u00e9 de surfaces et pour rester serr\u00e9s autour des courbes et des coins. Le ruban est simple \u00e0 utiliser et adh\u00e8re fermement et solidement. Une fois retir\u00e9, le ruban \u00e0 stuc se d\u00e9tache facilement et proprement de la plupart des surfaces en une seule pi\u00e8ce, sans se d\u00e9chirer. Il n'endommage pas la surface et ne laisse pas d'adh\u00e9sif ind\u00e9sirable apr\u00e8s son retrait.<\/p><\/div><\/div>\t\t\t\t<\/div>\n\t\t\t\t<\/div>\n\t\t\t\t<div class=\"elementor-element elementor-element-a300616 elementor-widget elementor-widget-spacer\" data-id=\"a300616\" data-element_type=\"widget\" data-e-type=\"widget\" data-widget_type=\"spacer.default\">\n\t\t\t\t<div class=\"elementor-widget-container\">\n\t\t\t\t\t\t\t<div class=\"elementor-spacer\">\n\t\t\t<div class=\"elementor-spacer-inner\"><\/div>\n\t\t<\/div>\n\t\t\t\t\t\t<\/div>\n\t\t\t\t<\/div>\n\t\t\t\t\t<\/div>\n\t\t<\/div>\n\t\t\t\t\t<\/div>\n\t\t<\/section>\n\t\t\t\t\t<\/div>\n\t\t<\/div>\n\t\t\t\t\t<\/div>\n\t\t<\/section>\n\t\t\t\t<\/div>\n\t\t","protected":false},"excerpt":{"rendered":"<p>Peinture professionnelle et stuc Contactez-nous Les rubans de masquage ont de nombreuses applications, que ce soit les rubans de masquage [&hellip;]<\/p>\n","protected":false},"author":1,"featured_media":0,"parent":52406,"menu_order":0,"comment_status":"closed","ping_status":"closed","template":"","meta":{"site-sidebar-layout":"no-sidebar","site-content-layout":"page-builder","ast-site-content-layout":"","site-content-style":"default","site-sidebar-style":"default","ast-global-header-display":"","ast-banner-title-visibility":"","ast-main-header-display":"","ast-hfb-above-header-display":"","ast-hfb-below-header-display":"","ast-hfb-mobile-header-display":"","site-post-title":"disabled","ast-breadcrumbs-content":"","ast-featured-img":"disabled","footer-sml-layout":"","theme-transparent-header-meta":"","adv-header-id-meta":"","stick-header-meta":"","header-above-stick-meta":"","header-main-stick-meta":"","header-below-stick-meta":"","astra-migrate-meta-layouts":"default","ast-page-background-enabled":"default","ast-page-background-meta":{"desktop":{"background-color":"var(--ast-global-color-4)","background-image":"","background-repeat":"repeat","background-position":"center center","background-size":"auto","background-attachment":"scroll","background-type":"","background-media":"","overlay-type":"","overlay-color":"","overlay-opacity":"","overlay-gradient":""},"tablet":{"background-color":"","background-image":"","background-repeat":"repeat","background-position":"center center","background-size":"auto","background-attachment":"scroll","background-type":"","background-media":"","overlay-type":"","overlay-color":"","overlay-opacity":"","overlay-gradient":""},"mobile":{"background-color":"","background-image":"","background-repeat":"repeat","background-position":"center center","background-size":"auto","background-attachment":"scroll","background-type":"","background-media":"","overlay-type":"","overlay-color":"","overlay-opacity":"","overlay-gradient":""}},"ast-content-background-meta":{"desktop":{"background-color":"var(--ast-global-color-5)","background-image":"","background-repeat":"repeat","background-position":"center center","background-size":"auto","background-attachment":"scroll","background-type":"","background-media":"","overlay-type":"","overlay-color":"","overlay-opacity":"","overlay-gradient":""},"tablet":{"background-color":"var(--ast-global-color-5)","background-image":"","background-repeat":"repeat","background-position":"center center","background-size":"auto","background-attachment":"scroll","background-type":"","background-media":"","overlay-type":"","overlay-color":"","overlay-opacity":"","overlay-gradient":""},"mobile":{"background-color":"var(--ast-global-color-5)","background-image":"","background-repeat":"repeat","background-position":"center center","background-size":"auto","background-attachment":"scroll","background-type":"","background-media":"","overlay-type":"","overlay-color":"","overlay-opacity":"","overlay-gradient":""}},"footnotes":""},"class_list":["post-52758","page","type-page","status-publish","hentry"],"_links":{"self":[{"href":"https:\/\/mpi-matco.com\/fr\/wp-json\/wp\/v2\/pages\/52758","targetHints":{"allow":["GET"]}}],"collection":[{"href":"https:\/\/mpi-matco.com\/fr\/wp-json\/wp\/v2\/pages"}],"about":[{"href":"https:\/\/mpi-matco.com\/fr\/wp-json\/wp\/v2\/types\/page"}],"author":[{"embeddable":true,"href":"https:\/\/mpi-matco.com\/fr\/wp-json\/wp\/v2\/users\/1"}],"replies":[{"embeddable":true,"href":"https:\/\/mpi-matco.com\/fr\/wp-json\/wp\/v2\/comments?post=52758"}],"version-history":[{"count":0,"href":"https:\/\/mpi-matco.com\/fr\/wp-json\/wp\/v2\/pages\/52758\/revisions"}],"up":[{"embeddable":true,"href":"https:\/\/mpi-matco.com\/fr\/wp-json\/wp\/v2\/pages\/52406"}],"wp:attachment":[{"href":"https:\/\/mpi-matco.com\/fr\/wp-json\/wp\/v2\/media?parent=52758"}],"curies":[{"name":"wp","href":"https:\/\/api.w.org\/{rel}","templated":true}]}}